{"id":312,"date":"2025-11-19T15:34:23","date_gmt":"2025-11-19T15:34:23","guid":{"rendered":"https:\/\/megaxtours.com\/?page_id=312"},"modified":"2025-11-23T01:58:50","modified_gmt":"2025-11-23T01:58:50","slug":"about-us","status":"publish","type":"page","link":"https:\/\/megaxtours.com\/de\/about-us\/","title":{"rendered":"\u00dcber uns"},"content":{"rendered":"<div data-elementor-type=\"wp-page\" data-elementor-id=\"312\" class=\"elementor elementor-312\" data-elementor-post-type=\"page\">\n\t\t\t\t<div class=\"aux-parallax-section elementor-element elementor-element-d63d442 e-flex e-con-boxed e-con e-parent\" data-id=\"d63d442\" data-element_type=\"container\" data-e-type=\"container\" data-settings=\"{&quot;background_background&quot;:&quot;classic&quot;}\">\n\t\t\t\t\t<div class=\"e-con-inner\">\n\t\t\t\t<div class=\"elementor-element elementor-element-826e23c elementor-widget elementor-widget-heading\" data-id=\"826e23c\" data-element_type=\"widget\" data-e-type=\"widget\" data-widget_type=\"heading.default\">\n\t\t\t\t<div class=\"elementor-widget-container\">\n\t\t\t\t\t<h2 class=\"elementor-heading-title elementor-size-default\">\u00dcber uns<\/h2>\t\t\t\t<\/div>\n\t\t\t\t<\/div>\n\t\t\t\t\t<\/div>\n\t\t\t\t<\/div>\n\t\t<div class=\"aux-parallax-section elementor-element elementor-element-00e0731 e-flex e-con-boxed e-con e-parent\" data-id=\"00e0731\" data-element_type=\"container\" data-e-type=\"container\">\n\t\t\t\t\t<div class=\"e-con-inner\">\n\t\t<div class=\"elementor-element elementor-element-7cccb5c e-con-full e-flex e-con e-child\" data-id=\"7cccb5c\" data-element_type=\"container\" data-e-type=\"container\">\n\t\t\t\t<div class=\"elementor-element elementor-element-5bd2700 elementor-widget elementor-widget-heading\" data-id=\"5bd2700\" data-element_type=\"widget\" data-e-type=\"widget\" data-widget_type=\"heading.default\">\n\t\t\t\t<div class=\"elementor-widget-container\">\n\t\t\t\t\t<h2 class=\"elementor-heading-title elementor-size-default\">MEGAX TOURS<\/h2>\t\t\t\t<\/div>\n\t\t\t\t<\/div>\n\t\t\t\t<div class=\"elementor-element elementor-element-0436a00 elementor-widget elementor-widget-text-editor\" data-id=\"0436a00\" data-element_type=\"widget\" data-e-type=\"widget\" data-widget_type=\"text-editor.default\">\n\t\t\t\t<div class=\"elementor-widget-container\">\n\t\t\t\t\t\t\t\t\t<p>Wir sind ein lokales Team von leidenschaftlichen Reiseexperten mit Sitz in Hurghada und tiefen Wurzeln in \u00c4gypten.<br \/><br \/>Unser Ziel ist es, authentische und pers\u00f6nliche Reiseerfahrungen zu vermitteln, damit Sie das wahre \u00c4gypten jenseits der typischen Touristenpfade entdecken k\u00f6nnen.<br \/><br \/>Wir legen Wert auf Qualit\u00e4t, Sorgfalt und darauf, dass Sie sich w\u00e4hrend Ihrer gesamten Reise mit uns willkommen und wohl f\u00fchlen.<br \/><br \/>Bei MegaX Hurghada sind Sie nicht nur ein Besucher \u2013 Sie sind unser Gast.<\/p>\t\t\t\t\t\t\t\t<\/div>\n\t\t\t\t<\/div>\n\t\t\t\t<\/div>\n\t\t<div class=\"elementor-element elementor-element-4add262 e-con-full e-flex e-con e-child\" data-id=\"4add262\" data-element_type=\"container\" data-e-type=\"container\">\n\t\t\t\t<div class=\"elementor-element elementor-element-088573c elementor-widget elementor-widget-image\" data-id=\"088573c\" data-element_type=\"widget\" data-e-type=\"widget\" data-widget_type=\"image.default\">\n\t\t\t\t<div class=\"elementor-widget-container\">\n\t\t\t\t\t\t\t\t\t\t\t\t\t\t\t<img fetchpriority=\"high\" decoding=\"async\" width=\"1024\" height=\"600\" src=\"https:\/\/megaxtours.com\/wp-content\/uploads\/2025\/11\/neve-travel-blog-22-1024x600.jpg\" class=\"attachment-large size-large wp-image-315\" alt=\"\" \/>\t\t\t\t\t\t\t\t\t\t\t\t\t\t\t<\/div>\n\t\t\t\t<\/div>\n\t\t\t\t<\/div>\n\t\t\t\t\t<\/div>\n\t\t\t\t<\/div>\n\t\t<div class=\"aux-parallax-section elementor-element elementor-element-ba586a2 e-flex e-con-boxed e-con e-parent\" data-id=\"ba586a2\" data-element_type=\"container\" data-e-type=\"container\">\n\t\t\t\t\t<div class=\"e-con-inner\">\n\t\t\t\t<div class=\"elementor-element elementor-element-3188607 elementor-widget elementor-widget-heading\" data-id=\"3188607\" data-element_type=\"widget\" data-e-type=\"widget\" data-widget_type=\"heading.default\">\n\t\t\t\t<div class=\"elementor-widget-container\">\n\t\t\t\t\t<h2 class=\"elementor-heading-title elementor-size-default\">Warum Sie sich f\u00fcr uns entscheiden sollten:\n<\/h2>\t\t\t\t<\/div>\n\t\t\t\t<\/div>\n\t\t\t\t<div class=\"elementor-element elementor-element-9211e2b elementor-widget elementor-widget-text-editor\" data-id=\"9211e2b\" data-element_type=\"widget\" data-e-type=\"widget\" data-widget_type=\"text-editor.default\">\n\t\t\t\t<div class=\"elementor-widget-container\">\n\t\t\t\t\t\t\t\t\t<ul><li>Erfahrene einheimische Reisef\u00fchrer, die \u00c4gypten wie ihre Westentasche kennen<br \/><br \/><\/li><li>\u00a0Individuelle Touren zu allen wichtigen Reisezielen in \u00c4gypten<br \/><br \/><\/li><li>\u00a0Wettbewerbsf\u00e4hige Preise und ehrlicher Service<br \/><br \/><\/li><li>\u00a0Freundliches, professionelles Team, das sich Ihrer Zufriedenheit verschrieben hat<br \/><br \/><\/li><li>\u00a0Wir behandeln jeden Gast wie einen Freund \u2013 mit Sorgfalt, Ehrlichkeit und Liebe zum Detail.<\/li><\/ul>\t\t\t\t\t\t\t\t<\/div>\n\t\t\t\t<\/div>\n\t\t\t\t\t<\/div>\n\t\t\t\t<\/div>\n\t\t<div class=\"aux-parallax-section elementor-element elementor-element-1c323e3 e-flex e-con-boxed e-con e-parent\" data-id=\"1c323e3\" data-element_type=\"container\" data-e-type=\"container\">\n\t\t\t\t\t<div class=\"e-con-inner\">\n\t\t\t\t<div class=\"elementor-element elementor-element-a8284a4 elementor-align-center elementor-widget elementor-widget-button\" data-id=\"a8284a4\" data-element_type=\"widget\" data-e-type=\"widget\" data-widget_type=\"button.default\">\n\t\t\t\t<div class=\"elementor-widget-container\">\n\t\t\t\t\t\t\t\t\t<div class=\"elementor-button-wrapper\">\n\t\t\t\t\t<a class=\"elementor-button elementor-button-link elementor-size-sm\" href=\"https:\/\/megaxtours.com\/de\/contact-us\/\">\n\t\t\t\t\t\t<span class=\"elementor-button-content-wrapper\">\n\t\t\t\t\t\t\t\t\t<span class=\"elementor-button-text\">Kontakt<\/span>\n\t\t\t\t\t<\/span>\n\t\t\t\t\t<\/a>\n\t\t\t\t<\/div>\n\t\t\t\t\t\t\t\t<\/div>\n\t\t\t\t<\/div>\n\t\t\t\t\t<\/div>\n\t\t\t\t<\/div>\n\t\t\t\t<\/div>","protected":false},"excerpt":{"rendered":"<p>About Us MEGAX TOURS We are a local team of passionate travel experts based in Hurghada, with deep roots across Egypt. Our goal is to share authentic and personal travel experiences \u2014 designed to help you discover the real Egypt beyond typical tourist paths. We focus on quality, care, and making sure you feel welcome [&hellip;]<\/p>\n","protected":false},"author":1,"featured_media":0,"parent":0,"menu_order":0,"comment_status":"closed","ping_status":"closed","template":"","meta":{"_eb_attr":"","footnotes":""},"class_list":["post-312","page","type-page","status-publish","hentry"],"yoast_head":"<!-- This site is optimized with the Yoast SEO plugin v27.4 - https:\/\/yoast.com\/product\/yoast-seo-wordpress\/ -->\n<title>About Us - MegaxTours<\/title>\n<meta name=\"robots\" content=\"index, follow, max-snippet:-1, max-image-preview:large, max-video-preview:-1\" \/>\n<link rel=\"canonical\" href=\"https:\/\/megaxtours.com\/de\/about-us\/\" \/>\n<meta property=\"og:locale\" content=\"de_DE\" \/>\n<meta property=\"og:type\" content=\"article\" \/>\n<meta property=\"og:title\" content=\"About Us - MegaxTours\" \/>\n<meta property=\"og:description\" content=\"About Us MEGAX TOURS We are a local team of passionate travel experts based in Hurghada, with deep roots across Egypt. Our goal is to share authentic and personal travel experiences \u2014 designed to help you discover the real Egypt beyond typical tourist paths. We focus on quality, care, and making sure you feel welcome [&hellip;]\" \/>\n<meta property=\"og:url\" content=\"https:\/\/megaxtours.com\/de\/about-us\/\" \/>\n<meta property=\"og:site_name\" content=\"MegaxTours\" \/>\n<meta property=\"article:publisher\" content=\"https:\/\/www.facebook.com\/share\/1GpKNXLEpA\/\" \/>\n<meta property=\"article:modified_time\" content=\"2025-11-23T01:58:50+00:00\" \/>\n<meta property=\"og:image\" content=\"https:\/\/megaxtours.com\/wp-content\/uploads\/2025\/11\/neve-travel-blog-22.jpg\" \/>\n\t<meta property=\"og:image:width\" content=\"1200\" \/>\n\t<meta property=\"og:image:height\" content=\"600\" \/>\n\t<meta property=\"og:image:type\" content=\"image\/jpeg\" \/>\n<meta name=\"twitter:card\" content=\"summary_large_image\" \/>\n<meta name=\"twitter:label1\" content=\"Gesch\u00e4tzte Lesezeit\" \/>\n\t<meta name=\"twitter:data1\" content=\"1\u00a0Minute\" \/>\n<script type=\"application\/ld+json\" class=\"yoast-schema-graph\">{\"@context\":\"https:\\\/\\\/schema.org\",\"@graph\":[{\"@type\":\"WebPage\",\"@id\":\"https:\\\/\\\/megaxtours.com\\\/about-us\\\/\",\"url\":\"https:\\\/\\\/megaxtours.com\\\/about-us\\\/\",\"name\":\"About Us - MegaxTours\",\"isPartOf\":{\"@id\":\"https:\\\/\\\/megaxtours.com\\\/#website\"},\"primaryImageOfPage\":{\"@id\":\"https:\\\/\\\/megaxtours.com\\\/about-us\\\/#primaryimage\"},\"image\":{\"@id\":\"https:\\\/\\\/megaxtours.com\\\/about-us\\\/#primaryimage\"},\"thumbnailUrl\":\"https:\\\/\\\/megaxtours.com\\\/wp-content\\\/uploads\\\/2025\\\/11\\\/neve-travel-blog-22-1024x600.jpg\",\"datePublished\":\"2025-11-19T15:34:23+00:00\",\"dateModified\":\"2025-11-23T01:58:50+00:00\",\"breadcrumb\":{\"@id\":\"https:\\\/\\\/megaxtours.com\\\/about-us\\\/#breadcrumb\"},\"inLanguage\":\"de\",\"potentialAction\":[{\"@type\":\"ReadAction\",\"target\":[\"https:\\\/\\\/megaxtours.com\\\/about-us\\\/\"]}]},{\"@type\":\"ImageObject\",\"inLanguage\":\"de\",\"@id\":\"https:\\\/\\\/megaxtours.com\\\/about-us\\\/#primaryimage\",\"url\":\"https:\\\/\\\/megaxtours.com\\\/wp-content\\\/uploads\\\/2025\\\/11\\\/neve-travel-blog-22-1024x600.jpg\",\"contentUrl\":\"https:\\\/\\\/megaxtours.com\\\/wp-content\\\/uploads\\\/2025\\\/11\\\/neve-travel-blog-22-1024x600.jpg\"},{\"@type\":\"BreadcrumbList\",\"@id\":\"https:\\\/\\\/megaxtours.com\\\/about-us\\\/#breadcrumb\",\"itemListElement\":[{\"@type\":\"ListItem\",\"position\":1,\"name\":\"Home\",\"item\":\"https:\\\/\\\/megaxtours.com\\\/\"},{\"@type\":\"ListItem\",\"position\":2,\"name\":\"About Us\"}]},{\"@type\":\"WebSite\",\"@id\":\"https:\\\/\\\/megaxtours.com\\\/#website\",\"url\":\"https:\\\/\\\/megaxtours.com\\\/\",\"name\":\"MegaxTours\",\"description\":\"\",\"publisher\":{\"@id\":\"https:\\\/\\\/megaxtours.com\\\/#organization\"},\"potentialAction\":[{\"@type\":\"SearchAction\",\"target\":{\"@type\":\"EntryPoint\",\"urlTemplate\":\"https:\\\/\\\/megaxtours.com\\\/?s={search_term_string}\"},\"query-input\":{\"@type\":\"PropertyValueSpecification\",\"valueRequired\":true,\"valueName\":\"search_term_string\"}}],\"inLanguage\":\"de\"},{\"@type\":\"Organization\",\"@id\":\"https:\\\/\\\/megaxtours.com\\\/#organization\",\"name\":\"MegaxTours\",\"url\":\"https:\\\/\\\/megaxtours.com\\\/\",\"logo\":{\"@type\":\"ImageObject\",\"inLanguage\":\"de\",\"@id\":\"https:\\\/\\\/megaxtours.com\\\/#\\\/schema\\\/logo\\\/image\\\/\",\"url\":\"https:\\\/\\\/megaxtours.com\\\/wp-content\\\/uploads\\\/2025\\\/11\\\/cropped-ChatGPT-Image-Aug-9-2025-06_32_50-AM-1.png\",\"contentUrl\":\"https:\\\/\\\/megaxtours.com\\\/wp-content\\\/uploads\\\/2025\\\/11\\\/cropped-ChatGPT-Image-Aug-9-2025-06_32_50-AM-1.png\",\"width\":1022,\"height\":245,\"caption\":\"MegaxTours\"},\"image\":{\"@id\":\"https:\\\/\\\/megaxtours.com\\\/#\\\/schema\\\/logo\\\/image\\\/\"},\"sameAs\":[\"https:\\\/\\\/www.facebook.com\\\/share\\\/1GpKNXLEpA\\\/\"]}]}<\/script>\n<!-- \/ Yoast SEO plugin. -->","yoast_head_json":{"title":"About Us - MegaxTours","robots":{"index":"index","follow":"follow","max-snippet":"max-snippet:-1","max-image-preview":"max-image-preview:large","max-video-preview":"max-video-preview:-1"},"canonical":"https:\/\/megaxtours.com\/de\/about-us\/","og_locale":"de_DE","og_type":"article","og_title":"About Us - MegaxTours","og_description":"About Us MEGAX TOURS We are a local team of passionate travel experts based in Hurghada, with deep roots across Egypt. Our goal is to share authentic and personal travel experiences \u2014 designed to help you discover the real Egypt beyond typical tourist paths. We focus on quality, care, and making sure you feel welcome [&hellip;]","og_url":"https:\/\/megaxtours.com\/de\/about-us\/","og_site_name":"MegaxTours","article_publisher":"https:\/\/www.facebook.com\/share\/1GpKNXLEpA\/","article_modified_time":"2025-11-23T01:58:50+00:00","og_image":[{"width":1200,"height":600,"url":"https:\/\/megaxtours.com\/wp-content\/uploads\/2025\/11\/neve-travel-blog-22.jpg","type":"image\/jpeg"}],"twitter_card":"summary_large_image","twitter_misc":{"Gesch\u00e4tzte Lesezeit":"1\u00a0Minute"},"schema":{"@context":"https:\/\/schema.org","@graph":[{"@type":"WebPage","@id":"https:\/\/megaxtours.com\/about-us\/","url":"https:\/\/megaxtours.com\/about-us\/","name":"About Us - MegaxTours","isPartOf":{"@id":"https:\/\/megaxtours.com\/#website"},"primaryImageOfPage":{"@id":"https:\/\/megaxtours.com\/about-us\/#primaryimage"},"image":{"@id":"https:\/\/megaxtours.com\/about-us\/#primaryimage"},"thumbnailUrl":"https:\/\/megaxtours.com\/wp-content\/uploads\/2025\/11\/neve-travel-blog-22-1024x600.jpg","datePublished":"2025-11-19T15:34:23+00:00","dateModified":"2025-11-23T01:58:50+00:00","breadcrumb":{"@id":"https:\/\/megaxtours.com\/about-us\/#breadcrumb"},"inLanguage":"de","potentialAction":[{"@type":"ReadAction","target":["https:\/\/megaxtours.com\/about-us\/"]}]},{"@type":"ImageObject","inLanguage":"de","@id":"https:\/\/megaxtours.com\/about-us\/#primaryimage","url":"https:\/\/megaxtours.com\/wp-content\/uploads\/2025\/11\/neve-travel-blog-22-1024x600.jpg","contentUrl":"https:\/\/megaxtours.com\/wp-content\/uploads\/2025\/11\/neve-travel-blog-22-1024x600.jpg"},{"@type":"BreadcrumbList","@id":"https:\/\/megaxtours.com\/about-us\/#breadcrumb","itemListElement":[{"@type":"ListItem","position":1,"name":"Home","item":"https:\/\/megaxtours.com\/"},{"@type":"ListItem","position":2,"name":"About Us"}]},{"@type":"WebSite","@id":"https:\/\/megaxtours.com\/#website","url":"https:\/\/megaxtours.com\/","name":"MegaxTours","description":"","publisher":{"@id":"https:\/\/megaxtours.com\/#organization"},"potentialAction":[{"@type":"SearchAction","target":{"@type":"EntryPoint","urlTemplate":"https:\/\/megaxtours.com\/?s={search_term_string}"},"query-input":{"@type":"PropertyValueSpecification","valueRequired":true,"valueName":"search_term_string"}}],"inLanguage":"de"},{"@type":"Organization","@id":"https:\/\/megaxtours.com\/#organization","name":"MegaxTours","url":"https:\/\/megaxtours.com\/","logo":{"@type":"ImageObject","inLanguage":"de","@id":"https:\/\/megaxtours.com\/#\/schema\/logo\/image\/","url":"https:\/\/megaxtours.com\/wp-content\/uploads\/2025\/11\/cropped-ChatGPT-Image-Aug-9-2025-06_32_50-AM-1.png","contentUrl":"https:\/\/megaxtours.com\/wp-content\/uploads\/2025\/11\/cropped-ChatGPT-Image-Aug-9-2025-06_32_50-AM-1.png","width":1022,"height":245,"caption":"MegaxTours"},"image":{"@id":"https:\/\/megaxtours.com\/#\/schema\/logo\/image\/"},"sameAs":["https:\/\/www.facebook.com\/share\/1GpKNXLEpA\/"]}]}},"_hostinger_reach_plugin_has_subscription_block":false,"_hostinger_reach_plugin_is_elementor":false,"_links":{"self":[{"href":"https:\/\/megaxtours.com\/de\/wp-json\/wp\/v2\/pages\/312","targetHints":{"allow":["GET"]}}],"collection":[{"href":"https:\/\/megaxtours.com\/de\/wp-json\/wp\/v2\/pages"}],"about":[{"href":"https:\/\/megaxtours.com\/de\/wp-json\/wp\/v2\/types\/page"}],"author":[{"embeddable":true,"href":"https:\/\/megaxtours.com\/de\/wp-json\/wp\/v2\/users\/1"}],"replies":[{"embeddable":true,"href":"https:\/\/megaxtours.com\/de\/wp-json\/wp\/v2\/comments?post=312"}],"version-history":[{"count":13,"href":"https:\/\/megaxtours.com\/de\/wp-json\/wp\/v2\/pages\/312\/revisions"}],"predecessor-version":[{"id":571,"href":"https:\/\/megaxtours.com\/de\/wp-json\/wp\/v2\/pages\/312\/revisions\/571"}],"wp:attachment":[{"href":"https:\/\/megaxtours.com\/de\/wp-json\/wp\/v2\/media?parent=312"}],"curies":[{"name":"wp","href":"https:\/\/api.w.org\/{rel}","templated":true}]}}